{"id":350,"date":"2024-03-08T15:01:35","date_gmt":"2024-03-08T21:01:35","guid":{"rendered":"https:\/\/thehikepath.com\/?page_id=350"},"modified":"2025-02-25T16:23:22","modified_gmt":"2025-02-25T22:23:22","slug":"contactanos-en-hikepath-queremos-escucharte","status":"publish","type":"page","link":"https:\/\/thehikepath.com\/en\/contactanos-en-hikepath-queremos-escucharte\/","title":{"rendered":"Cont\u00e1ctanos, en hikepath, queremos escucharte"},"content":{"rendered":"\t\t<div data-elementor-type=\"wp-page\" data-elementor-id=\"350\" class=\"elementor elementor-350\" data-elementor-post-type=\"page\">\n\t\t\t\t<div class=\"elementor-element elementor-element-de8c4cb e-flex e-con-boxed e-con e-parent\" data-id=\"de8c4cb\" data-element_type=\"container\" data-e-type=\"container\">\n\t\t\t\t\t<div class=\"e-con-inner\">\n\t\t<div class=\"elementor-element elementor-element-ac25318 e-con-full e-flex e-con e-child\" data-id=\"ac25318\" data-element_type=\"container\" data-e-type=\"container\">\n\t\t\t\t<div class=\"elementor-element elementor-element-ca7389a elementor-widget elementor-widget-image\" data-id=\"ca7389a\" data-element_type=\"widget\" data-e-type=\"widget\" data-widget_type=\"image.default\">\n\t\t\t\t<div class=\"elementor-widget-container\">\n\t\t\t\t\t\t\t\t\t\t\t\t\t\t\t<img fetchpriority=\"high\" decoding=\"async\" width=\"346\" height=\"641\" src=\"https:\/\/thehikepath.com\/wp-content\/uploads\/2024\/03\/happy-girl-with-is-phone.png\" class=\"attachment-large size-large wp-image-51\" alt=\"\" srcset=\"https:\/\/thehikepath.com\/wp-content\/uploads\/2024\/03\/happy-girl-with-is-phone.png 346w, https:\/\/thehikepath.com\/wp-content\/uploads\/2024\/03\/happy-girl-with-is-phone-162x300.png 162w\" sizes=\"(max-width: 346px) 100vw, 346px\" \/>\t\t\t\t\t\t\t\t\t\t\t\t\t\t\t<\/div>\n\t\t\t\t<\/div>\n\t\t\t\t<\/div>\n\t\t<div class=\"elementor-element elementor-element-e0c02f2 e-con-full e-flex e-con e-child\" data-id=\"e0c02f2\" data-element_type=\"container\" data-e-type=\"container\">\n\t\t\t\t<div class=\"elementor-element elementor-element-6cb63cf elementor-widget elementor-widget-heading\" data-id=\"6cb63cf\" data-element_type=\"widget\" data-e-type=\"widget\" data-widget_type=\"heading.default\">\n\t\t\t\t<div class=\"elementor-widget-container\">\n\t\t\t\t\t<h3 class=\"elementor-heading-title elementor-size-default\">Pr\u00f3ximamente<\/h3>\t\t\t\t<\/div>\n\t\t\t\t<\/div>\n\t\t\t\t<div class=\"elementor-element elementor-element-d5ab5c3 elementor-widget elementor-widget-heading\" data-id=\"d5ab5c3\" data-element_type=\"widget\" data-e-type=\"widget\" data-widget_type=\"heading.default\">\n\t\t\t\t<div class=\"elementor-widget-container\">\n\t\t\t\t\t<h3 class=\"elementor-heading-title elementor-size-default\"> La Revoluci\u00f3n de Hikepath<\/h3>\t\t\t\t<\/div>\n\t\t\t\t<\/div>\n\t\t\t\t<div class=\"elementor-element elementor-element-14e4db0 elementor-widget elementor-widget-text-editor\" data-id=\"14e4db0\" data-element_type=\"widget\" data-e-type=\"widget\" data-widget_type=\"text-editor.default\">\n\t\t\t\t<div class=\"elementor-widget-container\">\n\t\t\t\t\t\t\t\t\t<p><strong data-renderer-mark=\"true\">Dile adi\u00f3s a los enredos legales de las herencias. Con Hikepath, tus activos digitales y coleccionables est\u00e1n a solo un clic de ser asegurados para el futuro. \u00bfInteresado en ser de los primeros en experimentarlo? \u00danete a nuestra comunidad vanguardista.<\/strong><\/p>\t\t\t\t\t\t\t\t<\/div>\n\t\t\t\t<\/div>\n\t\t\t\t<div class=\"elementor-element elementor-element-5505600 elementor-widget elementor-widget-heading\" data-id=\"5505600\" data-element_type=\"widget\" data-e-type=\"widget\" data-widget_type=\"heading.default\">\n\t\t\t\t<div class=\"elementor-widget-container\">\n\t\t\t\t\t<h3 class=\"elementor-heading-title elementor-size-default\">\u00bfQu\u00e9 es lo primero que querr\u00edas asegurar con Hike Path?<\/h3>\t\t\t\t<\/div>\n\t\t\t\t<\/div>\n\t\t\t\t<div class=\"elementor-element elementor-element-2b4c428 elementor-button-align-start elementor-widget elementor-widget-form\" data-id=\"2b4c428\" data-element_type=\"widget\" data-e-type=\"widget\" data-settings=\"{&quot;step_next_label&quot;:&quot;Siguiente&quot;,&quot;step_previous_label&quot;:&quot;Anterior&quot;,&quot;button_width&quot;:&quot;100&quot;,&quot;step_type&quot;:&quot;number_text&quot;,&quot;step_icon_shape&quot;:&quot;circle&quot;}\" data-widget_type=\"form.default\">\n\t\t\t\t<div class=\"elementor-widget-container\">\n\t\t\t\t\t\t\t<form class=\"elementor-form\" method=\"post\" name=\"la revoluci\u00f3n de hikepath\" aria-label=\"la revoluci\u00f3n de hikepath\">\n\t\t\t<input type=\"hidden\" name=\"post_id\" value=\"350\"\/>\n\t\t\t<input type=\"hidden\" name=\"form_id\" value=\"2b4c428\"\/>\n\t\t\t<input type=\"hidden\" name=\"referer_title\" value=\"\" \/>\n\n\t\t\t\n\t\t\t<div class=\"elementor-form-fields-wrapper elementor-labels-\">\n\t\t\t\t\t\t\t\t<div class=\"elementor-field-type-checkbox elementor-field-group elementor-column elementor-field-group-field_60103ea elementor-col-100\">\n\t\t\t\t\t\t\t\t\t\t\t\t<label for=\"form-field-field_60103ea\" class=\"elementor-field-label elementor-screen-only\">\n\t\t\t\t\t\t\t\tSelecciona lo que te gustar\u00eda asegurar\t\t\t\t\t\t\t<\/label>\n\t\t\t\t\t\t<div class=\"elementor-field-subgroup  elementor-subgroup-inline\"><span class=\"elementor-field-option\"><input type=\"checkbox\" value=\"NFTs\" id=\"form-field-field_60103ea-0\" name=\"form_fields[field_60103ea][]\"> <label for=\"form-field-field_60103ea-0\">NFTs<\/label><\/span><span class=\"elementor-field-option\"><input type=\"checkbox\" value=\"Criptomonedas\" id=\"form-field-field_60103ea-1\" name=\"form_fields[field_60103ea][]\"> <label for=\"form-field-field_60103ea-1\">Criptomonedas<\/label><\/span><span class=\"elementor-field-option\"><input type=\"checkbox\" value=\"Coleccionables digitales\" id=\"form-field-field_60103ea-2\" name=\"form_fields[field_60103ea][]\"> <label for=\"form-field-field_60103ea-2\">Coleccionables digitales<\/label><\/span><span class=\"elementor-field-option\"><input type=\"checkbox\" value=\"Recuerdos digitales (fotos, v\u00eddeos)\" id=\"form-field-field_60103ea-3\" name=\"form_fields[field_60103ea][]\"> <label for=\"form-field-field_60103ea-3\">Recuerdos digitales (fotos, v\u00eddeos)<\/label><\/span><span class=\"elementor-field-option\"><input type=\"checkbox\" value=\"Mi PC Gamer\" id=\"form-field-field_60103ea-4\" name=\"form_fields[field_60103ea][]\"> <label for=\"form-field-field_60103ea-4\">Mi PC Gamer<\/label><\/span><span class=\"elementor-field-option\"><input type=\"checkbox\" value=\"Otros bienes\" id=\"form-field-field_60103ea-5\" name=\"form_fields[field_60103ea][]\"> <label for=\"form-field-field_60103ea-5\">Otros bienes<\/label><\/span><\/div>\t\t\t\t<\/div>\n\t\t\t\t\t\t\t\t<div class=\"elementor-field-type-text elementor-field-group elementor-column elementor-field-group-name elementor-col-50\">\n\t\t\t\t\t\t\t\t\t\t\t\t<label for=\"form-field-name\" class=\"elementor-field-label elementor-screen-only\">\n\t\t\t\t\t\t\t\tNombre\t\t\t\t\t\t\t<\/label>\n\t\t\t\t\t\t\t\t\t\t\t\t\t\t<input size=\"1\" type=\"text\" name=\"form_fields[name]\" id=\"form-field-name\" class=\"elementor-field elementor-size-sm  elementor-field-textual\" placeholder=\"Nombre\">\n\t\t\t\t\t\t\t\t\t\t\t<\/div>\n\t\t\t\t\t\t\t\t<div class=\"elementor-field-type-email elementor-field-group elementor-column elementor-field-group-email elementor-col-50 elementor-field-required\">\n\t\t\t\t\t\t\t\t\t\t\t\t<label for=\"form-field-email\" class=\"elementor-field-label elementor-screen-only\">\n\t\t\t\t\t\t\t\tCorreo electr\u00f3nico\t\t\t\t\t\t\t<\/label>\n\t\t\t\t\t\t\t\t\t\t\t\t\t\t<input size=\"1\" type=\"email\" name=\"form_fields[email]\" id=\"form-field-email\" class=\"elementor-field elementor-size-sm  elementor-field-textual\" placeholder=\"Correo electr\u00f3nico\" required=\"required\">\n\t\t\t\t\t\t\t\t\t\t\t<\/div>\n\t\t\t\t\t\t\t\t<div class=\"elementor-field-type-recaptcha_v3 elementor-field-group elementor-column elementor-field-group-field_7b339df elementor-col-100 recaptcha_v3-bottomright\">\n\t\t\t\t\t<div class=\"elementor-field\" id=\"form-field-field_7b339df\"><div class=\"elementor-g-recaptcha\" data-sitekey=\"6LeV4JYpAAAAAGGcJMMkcOIc1Rgosd0ZSfdCsBR7\" data-type=\"v3\" data-action=\"Form\" data-badge=\"bottomright\" data-size=\"invisible\"><\/div><\/div>\t\t\t\t<\/div>\n\t\t\t\t\t\t\t\t<div class=\"elementor-field-group elementor-column elementor-field-type-submit elementor-col-100 e-form__buttons\">\n\t\t\t\t\t<button class=\"elementor-button elementor-size-sm\" type=\"submit\">\n\t\t\t\t\t\t<span class=\"elementor-button-content-wrapper\">\n\t\t\t\t\t\t\t\t\t\t\t\t\t\t\t\t\t\t\t\t\t\t<span class=\"elementor-button-text\">Apuntame a la evoluci\u00f3n<\/span>\n\t\t\t\t\t\t\t\t\t\t\t\t\t<\/span>\n\t\t\t\t\t<\/button>\n\t\t\t\t<\/div>\n\t\t\t<\/div>\n\t\t<\/form>\n\t\t\t\t\t\t<\/div>\n\t\t\t\t<\/div>\n\t\t\t\t<\/div>\n\t\t\t\t\t<\/div>\n\t\t\t\t<\/div>\n\t\t\t\t<\/div>\n\t\t","protected":false},"excerpt":{"rendered":"<p>Pr\u00f3ximamente La Revoluci\u00f3n de Hikepath Dile adi\u00f3s a los enredos legales de las herencias. Con Hikepath, tus activos digitales y coleccionables est\u00e1n a solo un clic de ser asegurados para el futuro. \u00bfInteresado en ser de los primeros en experimentarlo? \u00danete a nuestra comunidad vanguardista. \u00bfQu\u00e9 es lo primero que querr\u00edas asegurar con Hike Path?<\/p>","protected":false},"author":1,"featured_media":0,"parent":0,"menu_order":0,"comment_status":"closed","ping_status":"closed","template":"","meta":{"_seopress_robots_primary_cat":"","_seopress_titles_title":"","_seopress_titles_desc":"","_seopress_robots_index":"","footnotes":""},"class_list":["post-350","page","type-page","status-publish","hentry"],"_links":{"self":[{"href":"https:\/\/thehikepath.com\/en\/wp-json\/wp\/v2\/pages\/350","targetHints":{"allow":["GET"]}}],"collection":[{"href":"https:\/\/thehikepath.com\/en\/wp-json\/wp\/v2\/pages"}],"about":[{"href":"https:\/\/thehikepath.com\/en\/wp-json\/wp\/v2\/types\/page"}],"author":[{"embeddable":true,"href":"https:\/\/thehikepath.com\/en\/wp-json\/wp\/v2\/users\/1"}],"replies":[{"embeddable":true,"href":"https:\/\/thehikepath.com\/en\/wp-json\/wp\/v2\/comments?post=350"}],"version-history":[{"count":0,"href":"https:\/\/thehikepath.com\/en\/wp-json\/wp\/v2\/pages\/350\/revisions"}],"wp:attachment":[{"href":"https:\/\/thehikepath.com\/en\/wp-json\/wp\/v2\/media?parent=350"}],"curies":[{"name":"wp","href":"https:\/\/api.w.org\/{rel}","templated":true}]}}